{"id":14,"date":"2022-01-21T22:46:35","date_gmt":"2022-01-21T22:46:35","guid":{"rendered":"https:\/\/www.sim-bex.org\/?page_id=14"},"modified":"2022-05-18T16:50:18","modified_gmt":"2022-05-18T16:50:18","slug":"congresos","status":"publish","type":"page","link":"https:\/\/www.sim-bex.org\/en\/congresos\/","title":{"rendered":"Conferences"},"content":{"rendered":"<p>[et_pb_section fb_built=&#8221;1&#8243; fullwidth=&#8221;on&#8221; _builder_version=&#8221;4.16&#8243; _module_preset=&#8221;default&#8221; bottom_divider_color=&#8221;gcid-ee361b7d-1b87-4c43-918d-66996a2afede&#8221; global_colors_info=&#8221;{%22gcid-ee361b7d-1b87-4c43-918d-66996a2afede%22:%91%22bottom_divider_color%22%93}&#8221;][et_pb_fullwidth_slider _builder_version=&#8221;4.16&#8243; _module_preset=&#8221;default&#8221; global_colors_info=&#8221;{}&#8221;][et_pb_slide heading=&#8221;Congresos&#8221; use_bg_overlay=&#8221;on&#8221; _builder_version=&#8221;4.16&#8243; _module_preset=&#8221;default&#8221; header_font=&#8221;Merriweather|700|||||||&#8221; header_font_size=&#8221;48px&#8221; background_enable_color=&#8221;off&#8221; use_background_color_gradient=&#8221;on&#8221; background_color_gradient_direction=&#8221;154deg&#8221; background_color_gradient_stops=&#8221;rgba(175,175,175,0.7) 0%|rgba(255,247,247,0.4) 100%&#8221; background_color_gradient_overlays_image=&#8221;on&#8221; background_color_gradient_start=&#8221;rgba(175,175,175,0.7)&#8221; background_color_gradient_end=&#8221;rgba(255,247,247,0.4)&#8221; background_image=&#8221;https:\/\/www.sim-bex.org\/wp-content\/uploads\/2022\/02\/Congresos.jpg&#8221; background_enable_image=&#8221;on&#8221; header_text_shadow_style=&#8221;preset5&#8243; global_colors_info=&#8221;{}&#8221; sticky_transition=&#8221;on&#8221;][\/et_pb_slide][\/et_pb_fullwidth_slider][\/et_pb_section][et_pb_section fb_built=&#8221;1&#8243; _builder_version=&#8221;4.17.4&#8243; _module_preset=&#8221;default&#8221; background_image=&#8221;https:\/\/www.sim-bex.org\/wp-content\/uploads\/2022\/02\/Iconos-Mini-1.png&#8221; background_position=&#8221;bottom_center&#8221; hover_enabled=&#8221;0&#8243; global_colors_info=&#8221;{}&#8221; custom_padding=&#8221;80px||80px||true|false&#8221; sticky_enabled=&#8221;0&#8243;][et_pb_row _builder_version=&#8221;4.16&#8243; _module_preset=&#8221;default&#8221; global_colors_info=&#8221;{}&#8221;][et_pb_column type=&#8221;4_4&#8243; _builder_version=&#8221;4.16&#8243; _module_preset=&#8221;default&#8221; global_colors_info=&#8221;{}&#8221;][et_pb_text _builder_version=&#8221;4.17.4&#8243; _module_preset=&#8221;default&#8221; header_2_font=&#8221;Merriweather||||||||&#8221; header_2_text_color=&#8221;#000000&#8243; header_2_font_size=&#8221;30px&#8221; header_2_text_align=&#8221;center&#8221; hover_enabled=&#8221;0&#8243; sticky_enabled=&#8221;0&#8243;]<\/p>\n<h2>Proximos Congresos<\/h2>\n<p>[\/et_pb_text][et_pb_text _builder_version=&#8221;4.17.4&#8243; _module_preset=&#8221;default&#8221; text_font=&#8221;Montserrat|600|||||||&#8221; text_font_size=&#8221;16px&#8221; text_orientation=&#8221;justified&#8221; hover_enabled=&#8221;0&#8243; global_colors_info=&#8221;{}&#8221; text_text_color=&#8221;#000000&#8243; sticky_enabled=&#8221;0&#8243;]<\/p>\n<p>El Primer Congreso Internacional de Medicina Basada en Exosomas se llevar\u00e1 acabo el pr\u00f3ximo 11 y 12 de Noviembre del 2022 en la Ciudad de M\u00e9xico. En breve se publicara el programa acad\u00e9mico y la convocatoria\u00a0 para la inscripci\u00f3n de trabajos acad\u00e9micos en su modalidad de presentaci\u00f3n oral y cartel.<\/p>\n<p>[\/et_pb_text][\/et_pb_column][\/et_pb_row][\/et_pb_section]<\/p>\n","protected":false},"excerpt":{"rendered":"<p>Proximos CongresosEl Primer Congreso Internacional de Medicina Basada en Exosomas se llevar\u00e1 acabo el pr\u00f3ximo 11 y 12 de Noviembre del 2022 en la Ciudad de M\u00e9xico. En breve se publicara el programa acad\u00e9mico y la convocatoria\u00a0 para la inscripci\u00f3n de trabajos acad\u00e9micos en su modalidad de presentaci\u00f3n oral y cartel.<\/p>","protected":false},"author":2,"featured_media":0,"parent":0,"menu_order":0,"comment_status":"closed","ping_status":"closed","template":"","meta":{"_et_pb_use_builder":"on","_et_pb_old_content":"<!-- wp:divi\/placeholder \/-->","_et_gb_content_width":"","_joinchat":[],"footnotes":""},"class_list":["post-14","page","type-page","status-publish","hentry"],"yoast_head":"<!-- This site is optimized with the Yoast SEO plugin v27.6 - https:\/\/yoast.com\/product\/yoast-seo-wordpress\/ -->\n<title>Congresos - sim-bex.org<\/title>\n<meta name=\"robots\" content=\"index, follow, max-snippet:-1, max-image-preview:large, max-video-preview:-1\" \/>\n<link rel=\"canonical\" href=\"https:\/\/www.sim-bex.org\/en\/congresos\/\" \/>\n<meta property=\"og:locale\" content=\"en_US\" \/>\n<meta property=\"og:type\" content=\"article\" \/>\n<meta property=\"og:title\" content=\"Congresos - sim-bex.org\" \/>\n<meta property=\"og:description\" content=\"Proximos CongresosEl Primer Congreso Internacional de Medicina Basada en Exosomas se llevar\u00e1 acabo el pr\u00f3ximo 11 y 12 de Noviembre del 2022 en la Ciudad de M\u00e9xico. En breve se publicara el programa acad\u00e9mico y la convocatoria\u00a0 para la inscripci\u00f3n de trabajos acad\u00e9micos en su modalidad de presentaci\u00f3n oral y cartel.\" \/>\n<meta property=\"og:url\" content=\"https:\/\/www.sim-bex.org\/en\/congresos\/\" \/>\n<meta property=\"og:site_name\" content=\"sim-bex.org\" \/>\n<meta property=\"article:modified_time\" content=\"2022-05-18T16:50:18+00:00\" \/>\n<meta name=\"twitter:card\" content=\"summary_large_image\" \/>\n<meta name=\"twitter:label1\" content=\"Est. reading time\" \/>\n\t<meta name=\"twitter:data1\" content=\"2 minutes\" \/>\n<script type=\"application\/ld+json\" class=\"yoast-schema-graph\">{\"@context\":\"https:\\\/\\\/schema.org\",\"@graph\":[{\"@type\":\"WebPage\",\"@id\":\"https:\\\/\\\/www.sim-bex.org\\\/congresos\\\/\",\"url\":\"https:\\\/\\\/www.sim-bex.org\\\/congresos\\\/\",\"name\":\"Congresos - sim-bex.org\",\"isPartOf\":{\"@id\":\"https:\\\/\\\/www.sim-bex.org\\\/#website\"},\"datePublished\":\"2022-01-21T22:46:35+00:00\",\"dateModified\":\"2022-05-18T16:50:18+00:00\",\"breadcrumb\":{\"@id\":\"https:\\\/\\\/www.sim-bex.org\\\/congresos\\\/#breadcrumb\"},\"inLanguage\":\"en-US\",\"potentialAction\":[{\"@type\":\"ReadAction\",\"target\":[\"https:\\\/\\\/www.sim-bex.org\\\/congresos\\\/\"]}]},{\"@type\":\"BreadcrumbList\",\"@id\":\"https:\\\/\\\/www.sim-bex.org\\\/congresos\\\/#breadcrumb\",\"itemListElement\":[{\"@type\":\"ListItem\",\"position\":1,\"name\":\"Portada\",\"item\":\"https:\\\/\\\/www.sim-bex.org\\\/\"},{\"@type\":\"ListItem\",\"position\":2,\"name\":\"Congresos\"}]},{\"@type\":\"WebSite\",\"@id\":\"https:\\\/\\\/www.sim-bex.org\\\/#website\",\"url\":\"https:\\\/\\\/www.sim-bex.org\\\/\",\"name\":\"sim-bex.org\",\"description\":\"Innovaci\u00f3n tecnologica basa en exomas\",\"potentialAction\":[{\"@type\":\"SearchAction\",\"target\":{\"@type\":\"EntryPoint\",\"urlTemplate\":\"https:\\\/\\\/www.sim-bex.org\\\/?s={search_term_string}\"},\"query-input\":{\"@type\":\"PropertyValueSpecification\",\"valueRequired\":true,\"valueName\":\"search_term_string\"}}],\"inLanguage\":\"en-US\"}]}<\/script>\n<!-- \/ Yoast SEO plugin. -->","yoast_head_json":{"title":"Congresos - sim-bex.org","robots":{"index":"index","follow":"follow","max-snippet":"max-snippet:-1","max-image-preview":"max-image-preview:large","max-video-preview":"max-video-preview:-1"},"canonical":"https:\/\/www.sim-bex.org\/en\/congresos\/","og_locale":"en_US","og_type":"article","og_title":"Congresos - sim-bex.org","og_description":"Proximos CongresosEl Primer Congreso Internacional de Medicina Basada en Exosomas se llevar\u00e1 acabo el pr\u00f3ximo 11 y 12 de Noviembre del 2022 en la Ciudad de M\u00e9xico. En breve se publicara el programa acad\u00e9mico y la convocatoria\u00a0 para la inscripci\u00f3n de trabajos acad\u00e9micos en su modalidad de presentaci\u00f3n oral y cartel.","og_url":"https:\/\/www.sim-bex.org\/en\/congresos\/","og_site_name":"sim-bex.org","article_modified_time":"2022-05-18T16:50:18+00:00","twitter_card":"summary_large_image","twitter_misc":{"Est. reading time":"2 minutes"},"schema":{"@context":"https:\/\/schema.org","@graph":[{"@type":"WebPage","@id":"https:\/\/www.sim-bex.org\/congresos\/","url":"https:\/\/www.sim-bex.org\/congresos\/","name":"Congresos - sim-bex.org","isPartOf":{"@id":"https:\/\/www.sim-bex.org\/#website"},"datePublished":"2022-01-21T22:46:35+00:00","dateModified":"2022-05-18T16:50:18+00:00","breadcrumb":{"@id":"https:\/\/www.sim-bex.org\/congresos\/#breadcrumb"},"inLanguage":"en-US","potentialAction":[{"@type":"ReadAction","target":["https:\/\/www.sim-bex.org\/congresos\/"]}]},{"@type":"BreadcrumbList","@id":"https:\/\/www.sim-bex.org\/congresos\/#breadcrumb","itemListElement":[{"@type":"ListItem","position":1,"name":"Portada","item":"https:\/\/www.sim-bex.org\/"},{"@type":"ListItem","position":2,"name":"Congresos"}]},{"@type":"WebSite","@id":"https:\/\/www.sim-bex.org\/#website","url":"https:\/\/www.sim-bex.org\/","name":"sim-bex.org","description":"Innovaci\u00f3n tecnologica basa en exomas","potentialAction":[{"@type":"SearchAction","target":{"@type":"EntryPoint","urlTemplate":"https:\/\/www.sim-bex.org\/?s={search_term_string}"},"query-input":{"@type":"PropertyValueSpecification","valueRequired":true,"valueName":"search_term_string"}}],"inLanguage":"en-US"}]}},"_links":{"self":[{"href":"https:\/\/www.sim-bex.org\/en\/wp-json\/wp\/v2\/pages\/14","targetHints":{"allow":["GET"]}}],"collection":[{"href":"https:\/\/www.sim-bex.org\/en\/wp-json\/wp\/v2\/pages"}],"about":[{"href":"https:\/\/www.sim-bex.org\/en\/wp-json\/wp\/v2\/types\/page"}],"author":[{"embeddable":true,"href":"https:\/\/www.sim-bex.org\/en\/wp-json\/wp\/v2\/users\/2"}],"replies":[{"embeddable":true,"href":"https:\/\/www.sim-bex.org\/en\/wp-json\/wp\/v2\/comments?post=14"}],"version-history":[{"count":0,"href":"https:\/\/www.sim-bex.org\/en\/wp-json\/wp\/v2\/pages\/14\/revisions"}],"wp:attachment":[{"href":"https:\/\/www.sim-bex.org\/en\/wp-json\/wp\/v2\/media?parent=14"}],"curies":[{"name":"wp","href":"https:\/\/api.w.org\/{rel}","templated":true}]}}