{"id":26,"date":"2022-01-21T22:48:35","date_gmt":"2022-01-21T22:48:35","guid":{"rendered":"https:\/\/www.sim-bex.org\/?page_id=26"},"modified":"2022-05-19T18:59:17","modified_gmt":"2022-05-19T18:59:17","slug":"revista-digital","status":"publish","type":"page","link":"https:\/\/www.sim-bex.org\/en\/revista-digital\/","title":{"rendered":"Digital Magazine"},"content":{"rendered":"<p>[et_pb_section fb_built=&#8221;1&#8243; fullwidth=&#8221;on&#8221; _builder_version=&#8221;4.16&#8243; _module_preset=&#8221;default&#8221; global_colors_info=&#8221;{}&#8221;][et_pb_fullwidth_slider _builder_version=&#8221;4.16&#8243; _module_preset=&#8221;default&#8221; global_colors_info=&#8221;{}&#8221;][et_pb_slide heading=&#8221;Revista Digital&#8221; use_bg_overlay=&#8221;on&#8221; _builder_version=&#8221;4.16&#8243; _module_preset=&#8221;default&#8221; header_level=&#8221;h2&#8243; header_font=&#8221;Merriweather|700|||||||&#8221; background_enable_color=&#8221;off&#8221; background_image=&#8221;https:\/\/www.sim-bex.org\/wp-content\/uploads\/2022\/02\/Revista-Digital-1.jpg&#8221; background_enable_image=&#8221;on&#8221; parallax=&#8221;on&#8221; header_text_shadow_style=&#8221;preset5&#8243; global_colors_info=&#8221;{}&#8221; sticky_transition=&#8221;on&#8221;][\/et_pb_slide][\/et_pb_fullwidth_slider][\/et_pb_section][et_pb_section fb_built=&#8221;1&#8243; _builder_version=&#8221;4.16&#8243; _module_preset=&#8221;default&#8221; background_enable_color=&#8221;off&#8221; background_image=&#8221;https:\/\/www.sim-bex.org\/wp-content\/uploads\/2022\/02\/Iconos-Mini-1.png&#8221; background_position=&#8221;bottom_center&#8221; custom_padding=&#8221;||71px|||&#8221; global_colors_info=&#8221;{}&#8221;][et_pb_row column_structure=&#8221;1_2,1_2&#8243; _builder_version=&#8221;4.16&#8243; _module_preset=&#8221;default&#8221; global_colors_info=&#8221;{}&#8221;][et_pb_column type=&#8221;1_2&#8243; _builder_version=&#8221;4.16&#8243; _module_preset=&#8221;default&#8221; global_colors_info=&#8221;{}&#8221;][et_pb_team_member name=&#8221;Dr Enrique Higareda Almaraz&#8221; position=&#8221;Jefe del Comit\u00e9 Editorial de la Revista  SIMBEX JOURNAL&#8221; image_url=&#8221;https:\/\/www.sim-bex.org\/wp-content\/uploads\/2022\/05\/Dr-Enrique-Higareda.jpg&#8221; _builder_version=&#8221;4.17.4&#8243; _module_preset=&#8221;default&#8221; header_font=&#8221;Merriweather||||||||&#8221; header_text_color=&#8221;#0098a7&#8243; position_font=&#8221;Montserrat||||||||&#8221; position_text_color=&#8221;#000000&#8243; hover_enabled=&#8221;0&#8243; global_colors_info=&#8221;{}&#8221; title_text=&#8221;Dr Enrique Higareda&#8221; sticky_enabled=&#8221;0&#8243;][\/et_pb_team_member][\/et_pb_column][et_pb_column type=&#8221;1_2&#8243; _builder_version=&#8221;4.16&#8243; _module_preset=&#8221;default&#8221; global_colors_info=&#8221;{}&#8221;][et_pb_text _builder_version=&#8221;4.17.4&#8243; _module_preset=&#8221;default&#8221; text_font=&#8221;Montserrat||||||||&#8221; text_text_color=&#8221;#000000&#8243; text_font_size=&#8221;16px&#8221; text_orientation=&#8221;justified&#8221; custom_padding=&#8221;|15px||15px|false|true&#8221; global_colors_info=&#8221;{}&#8221;]<\/p>\n<p>Exosome Medicine Journal es la revista cient\u00edfica oficial de la Sociedad internacional de medicina basada en exosomas. Es el \u00f3rgano de difusi\u00f3n acad\u00e9mica y cient\u00edfica donde los miembros activos de la SIMBEX podr\u00e1 postular sus trabajos cient\u00edficos de revisi\u00f3n o papers originales para su publicaci\u00f3n.<\/p>\n<p>[\/et_pb_text][\/et_pb_column][\/et_pb_row][et_pb_row _builder_version=&#8221;4.17.4&#8243; _module_preset=&#8221;default&#8221; global_colors_info=&#8221;{}&#8221;][et_pb_column type=&#8221;4_4&#8243; _builder_version=&#8221;4.17.4&#8243; _module_preset=&#8221;default&#8221; global_colors_info=&#8221;{}&#8221;][dsm_typing_effect typing_effect=&#8221;PROXIMAMENTE&#8221; typing_fadeout=&#8221;on&#8221; _builder_version=&#8221;4.17.4&#8243; _module_preset=&#8221;default&#8221; header_font=&#8221;Merriweather||||||||&#8221; header_text_align=&#8221;center&#8221; header_text_color=&#8221;#0098a7&#8243; header_font_size=&#8221;35px&#8221; header_font_size_tablet=&#8221;35px&#8221; header_font_size_phone=&#8221;35px&#8221; header_font_size_last_edited=&#8221;on|phone&#8221; global_colors_info=&#8221;{}&#8221;][\/dsm_typing_effect][\/et_pb_column][\/et_pb_row][\/et_pb_section]<\/p>\n","protected":false},"excerpt":{"rendered":"<p>Exosome Medicine Journal is the official scientific journal of the International Society for Exosome-Based Medicine. It is the academic and scientific dissemination body where active members of SIMBEX can submit their scientific review works or original papers for publication.<div class=\"et_pb_module dsm_typing_effect dsm_typing_effect_0 et_pb_bg_layout_light\">\n\t\t\t\t\n\t\t\t\t\n\t\t\t\t\n\t\t\t\t\n\t\t\t\t\n\t\t\t\t\n\t\t\t\t<div class=\"et_pb_module_inner\">\n\t\t\t\t\t<h1 class=\"dsm-typing-effect et_pb_module_header\" aria-label=\"COMING SOON\"> <span class=\"dsm-typing-wrapper\"><span class=\"dsm-typing-strings\">COMING SOON<\/span><span class=\"dsm-typing\" aria-hidden=\"true\" data-dsm-typing-cursor=\"|\" data-dsm-typing-strings=\"PROXIMAMENTE\" data-dsm-typing-speed=\"100ms\" data-dsm-typing-backspeed=\"50ms\" data-dsm-typing-backdelay=\"700ms\" data-dsm-typing-loop=\"true\" data-dsm-typing-fadeout=\"true\" data-dsm-typing-shuffle=\"false\" data-dsm-typing-delay=\"0ms\" data-dsm-typing-viewport=\"80%\" data-dsm-typing-repeat=\"on\"><\/span><\/span><\/h1>\n\t\t\t\t<\/div>\n\t\t\t<\/div><\/p>","protected":false},"author":2,"featured_media":0,"parent":0,"menu_order":0,"comment_status":"closed","ping_status":"closed","template":"","meta":{"_et_pb_use_builder":"on","_et_pb_old_content":"<!-- wp:divi\/placeholder \/-->","_et_gb_content_width":"","_joinchat":[],"footnotes":""},"class_list":["post-26","page","type-page","status-publish","hentry"],"yoast_head":"<!-- This site is optimized with the Yoast SEO plugin v27.6 - https:\/\/yoast.com\/product\/yoast-seo-wordpress\/ -->\n<title>Revista Digital - sim-bex.org<\/title>\n<meta name=\"robots\" content=\"index, follow, max-snippet:-1, max-image-preview:large, max-video-preview:-1\" \/>\n<link rel=\"canonical\" href=\"https:\/\/www.sim-bex.org\/en\/revista-digital\/\" \/>\n<meta property=\"og:locale\" content=\"en_US\" \/>\n<meta property=\"og:type\" content=\"article\" \/>\n<meta property=\"og:title\" content=\"Revista Digital - sim-bex.org\" \/>\n<meta property=\"og:description\" content=\"Exosome Medicine Journal es la revista cient\u00edfica oficial de la Sociedad internacional de medicina basada en exosomas. Es el \u00f3rgano de difusi\u00f3n acad\u00e9mica y cient\u00edfica donde los miembros activos de la SIMBEX podr\u00e1 postular sus trabajos cient\u00edficos de revisi\u00f3n o papers originales para su publicaci\u00f3n.\" \/>\n<meta property=\"og:url\" content=\"https:\/\/www.sim-bex.org\/en\/revista-digital\/\" \/>\n<meta property=\"og:site_name\" content=\"sim-bex.org\" \/>\n<meta property=\"article:modified_time\" content=\"2022-05-19T18:59:17+00:00\" \/>\n<meta name=\"twitter:card\" content=\"summary_large_image\" \/>\n<meta name=\"twitter:label1\" content=\"Est. reading time\" \/>\n\t<meta name=\"twitter:data1\" content=\"2 minutes\" \/>\n<script type=\"application\/ld+json\" class=\"yoast-schema-graph\">{\"@context\":\"https:\\\/\\\/schema.org\",\"@graph\":[{\"@type\":\"WebPage\",\"@id\":\"https:\\\/\\\/www.sim-bex.org\\\/revista-digital\\\/\",\"url\":\"https:\\\/\\\/www.sim-bex.org\\\/revista-digital\\\/\",\"name\":\"Revista Digital - sim-bex.org\",\"isPartOf\":{\"@id\":\"https:\\\/\\\/www.sim-bex.org\\\/#website\"},\"datePublished\":\"2022-01-21T22:48:35+00:00\",\"dateModified\":\"2022-05-19T18:59:17+00:00\",\"breadcrumb\":{\"@id\":\"https:\\\/\\\/www.sim-bex.org\\\/revista-digital\\\/#breadcrumb\"},\"inLanguage\":\"en-US\",\"potentialAction\":[{\"@type\":\"ReadAction\",\"target\":[\"https:\\\/\\\/www.sim-bex.org\\\/revista-digital\\\/\"]}]},{\"@type\":\"BreadcrumbList\",\"@id\":\"https:\\\/\\\/www.sim-bex.org\\\/revista-digital\\\/#breadcrumb\",\"itemListElement\":[{\"@type\":\"ListItem\",\"position\":1,\"name\":\"Portada\",\"item\":\"https:\\\/\\\/www.sim-bex.org\\\/\"},{\"@type\":\"ListItem\",\"position\":2,\"name\":\"Revista Digital\"}]},{\"@type\":\"WebSite\",\"@id\":\"https:\\\/\\\/www.sim-bex.org\\\/#website\",\"url\":\"https:\\\/\\\/www.sim-bex.org\\\/\",\"name\":\"sim-bex.org\",\"description\":\"Innovaci\u00f3n tecnologica basa en exomas\",\"potentialAction\":[{\"@type\":\"SearchAction\",\"target\":{\"@type\":\"EntryPoint\",\"urlTemplate\":\"https:\\\/\\\/www.sim-bex.org\\\/?s={search_term_string}\"},\"query-input\":{\"@type\":\"PropertyValueSpecification\",\"valueRequired\":true,\"valueName\":\"search_term_string\"}}],\"inLanguage\":\"en-US\"}]}<\/script>\n<!-- \/ Yoast SEO plugin. -->","yoast_head_json":{"title":"Revista Digital - sim-bex.org","robots":{"index":"index","follow":"follow","max-snippet":"max-snippet:-1","max-image-preview":"max-image-preview:large","max-video-preview":"max-video-preview:-1"},"canonical":"https:\/\/www.sim-bex.org\/en\/revista-digital\/","og_locale":"en_US","og_type":"article","og_title":"Revista Digital - sim-bex.org","og_description":"Exosome Medicine Journal es la revista cient\u00edfica oficial de la Sociedad internacional de medicina basada en exosomas. Es el \u00f3rgano de difusi\u00f3n acad\u00e9mica y cient\u00edfica donde los miembros activos de la SIMBEX podr\u00e1 postular sus trabajos cient\u00edficos de revisi\u00f3n o papers originales para su publicaci\u00f3n.","og_url":"https:\/\/www.sim-bex.org\/en\/revista-digital\/","og_site_name":"sim-bex.org","article_modified_time":"2022-05-19T18:59:17+00:00","twitter_card":"summary_large_image","twitter_misc":{"Est. reading time":"2 minutes"},"schema":{"@context":"https:\/\/schema.org","@graph":[{"@type":"WebPage","@id":"https:\/\/www.sim-bex.org\/revista-digital\/","url":"https:\/\/www.sim-bex.org\/revista-digital\/","name":"Revista Digital - sim-bex.org","isPartOf":{"@id":"https:\/\/www.sim-bex.org\/#website"},"datePublished":"2022-01-21T22:48:35+00:00","dateModified":"2022-05-19T18:59:17+00:00","breadcrumb":{"@id":"https:\/\/www.sim-bex.org\/revista-digital\/#breadcrumb"},"inLanguage":"en-US","potentialAction":[{"@type":"ReadAction","target":["https:\/\/www.sim-bex.org\/revista-digital\/"]}]},{"@type":"BreadcrumbList","@id":"https:\/\/www.sim-bex.org\/revista-digital\/#breadcrumb","itemListElement":[{"@type":"ListItem","position":1,"name":"Portada","item":"https:\/\/www.sim-bex.org\/"},{"@type":"ListItem","position":2,"name":"Revista Digital"}]},{"@type":"WebSite","@id":"https:\/\/www.sim-bex.org\/#website","url":"https:\/\/www.sim-bex.org\/","name":"sim-bex.org","description":"Innovaci\u00f3n tecnologica basa en exomas","potentialAction":[{"@type":"SearchAction","target":{"@type":"EntryPoint","urlTemplate":"https:\/\/www.sim-bex.org\/?s={search_term_string}"},"query-input":{"@type":"PropertyValueSpecification","valueRequired":true,"valueName":"search_term_string"}}],"inLanguage":"en-US"}]}},"_links":{"self":[{"href":"https:\/\/www.sim-bex.org\/en\/wp-json\/wp\/v2\/pages\/26","targetHints":{"allow":["GET"]}}],"collection":[{"href":"https:\/\/www.sim-bex.org\/en\/wp-json\/wp\/v2\/pages"}],"about":[{"href":"https:\/\/www.sim-bex.org\/en\/wp-json\/wp\/v2\/types\/page"}],"author":[{"embeddable":true,"href":"https:\/\/www.sim-bex.org\/en\/wp-json\/wp\/v2\/users\/2"}],"replies":[{"embeddable":true,"href":"https:\/\/www.sim-bex.org\/en\/wp-json\/wp\/v2\/comments?post=26"}],"version-history":[{"count":0,"href":"https:\/\/www.sim-bex.org\/en\/wp-json\/wp\/v2\/pages\/26\/revisions"}],"wp:attachment":[{"href":"https:\/\/www.sim-bex.org\/en\/wp-json\/wp\/v2\/media?parent=26"}],"curies":[{"name":"wp","href":"https:\/\/api.w.org\/{rel}","templated":true}]}}