{"id":30,"date":"2022-01-21T22:49:16","date_gmt":"2022-01-21T22:49:16","guid":{"rendered":"https:\/\/www.sim-bex.org\/?page_id=30"},"modified":"2022-02-17T21:15:04","modified_gmt":"2022-02-17T21:15:04","slug":"aviso-de-privacidad","status":"publish","type":"page","link":"https:\/\/www.sim-bex.org\/en\/aviso-de-privacidad\/","title":{"rendered":"Aviso de Privacidad"},"content":{"rendered":"<p>[et_pb_section fb_built=&#8221;1&#8243; theme_builder_area=&#8221;post_content&#8221; _builder_version=&#8221;4.14.7&#8243; _module_preset=&#8221;default&#8221; title_text=&#8221;imagen cienti\u0301ficos-01&#8243; background_image=&#8221;https:\/\/www.sim-bex.org\/wp-content\/uploads\/2022\/02\/imagen-cienti\u0301ficos-01.png&#8221; background_size=&#8221;contain&#8221; background_repeat=&#8221;repeat&#8221; hover_enabled=&#8221;0&#8243; sticky_enabled=&#8221;0&#8243;][et_pb_row _builder_version=&#8221;4.14.7&#8243; _module_preset=&#8221;default&#8221; theme_builder_area=&#8221;post_content&#8221;][et_pb_column _builder_version=&#8221;4.14.7&#8243; _module_preset=&#8221;default&#8221; type=&#8221;4_4&#8243; theme_builder_area=&#8221;post_content&#8221;][et_pb_text _builder_version=&#8221;4.14.7&#8243; _module_preset=&#8221;default&#8221; theme_builder_area=&#8221;post_content&#8221; hover_enabled=&#8221;0&#8243; sticky_enabled=&#8221;0&#8243; text_font=&#8221;Montserrat||||||||&#8221; text_text_color=&#8221;#474747&#8243; header_2_font=&#8221;Merriweather|700|||||||&#8221; header_2_text_color=&#8221;#474747&#8243; header_2_text_align=&#8221;center&#8221;]<\/p>\n<h2 style=\"text-align: center;\"><strong>AVISO DE PRIVACIDAD\u00a0<\/strong><\/h2>\n<p><em><\/em><\/p>\n<p><em>Esta pol\u00edtica de privacidad est\u00e1 actualizada al d\u00eda 24 de septiembre del 2021.<\/em><\/p>\n<p><strong>Prop\u00f3sito y resumen<\/strong><\/p>\n<p>Nuestra pol\u00edtica de protecci\u00f3n de datos de la compa\u00f1\u00eda se refiere a nuestro compromiso de manejar la informaci\u00f3n de los empleados, clientes, todas las partes interesadas con el mayor cuidado y confidencialidad.<\/p>\n<p>Con esta pol\u00edtica, nos aseguramos de recopilar, almacenar y manejar datos de forma adecuada, transparente y con el debido respeto hacia los derechos individuales.<\/p>\n<p><strong>Alcance<\/strong><\/p>\n<p>Esta pol\u00edtica se refiere a todas las partes que hacen vida con <strong>SIMBEX<\/strong> (empleados, clientes, proveedores, alumnos, etc.) que proporcionan cualquier informaci\u00f3n para nosotros.<\/p>\n<p><strong>\u00bfQui\u00e9n est\u00e1 cubierto bajo nuestra Pol\u00edtica de Protecci\u00f3n de Datos?<\/strong><\/p>\n<p>Los empleados de nuestra empresa y sucursales deben seguir esta pol\u00edtica. Contratistas, consultores, socios y cualquier otra entidad externa tambi\u00e9n est\u00e1n cubiertos. En general, nuestra pol\u00edtica se refiere a cualquier persona que colabore o act\u00fae en nuestro nombre y que necesite un acceso ocasional a los datos.<\/p>\n<p><strong>Elementos de la pol\u00edtica<\/strong><\/p>\n<p>Como parte de nuestras operaciones, necesitamos obtener y procesar informaci\u00f3n. Esta informaci\u00f3n incluye cualquier dato offline\/online que hacen que una persona sea identificable tales como nombres, direcciones, nombres de usuario y Contrase\u00f1as, huellas digitales, fotograf\u00edas, n\u00fameros de seguridad social, datos financieros, etc.<\/p>\n<p>Nuestra empresa recopila esta informaci\u00f3n de manera transparente y solo con la plena cooperaci\u00f3n y conocimiento de las partes interesadas. Una vez que esta informaci\u00f3n est\u00e9 disponible para nosotros, se aplican las siguientes reglas.<\/p>\n<p><strong>Nuestros datos ser\u00e1n:<\/strong><\/p>\n<ul>\n<li>Precisos y actualizados.<\/li>\n<li>Recogidos de manera adecuada y con fines l\u00edcitos solamente.<\/li>\n<li>Procesado por la empresa dentro de sus l\u00edmites legales y morales.<\/li>\n<li>Protegido contra cualquier acceso no autorizado o ilegal por parte de partes internas o externas<\/li>\n<\/ul>\n<p><strong>Nuestros datos no ser\u00e1n:<\/strong><\/p>\n<ul>\n<li>Comunicado informalmente.<\/li>\n<li>Almacenado por m\u00e1s de una cantidad de tiempo especificada.<\/li>\n<li>Transferido a otras organizaciones, estados o pa\u00edses que no cuentan con una protecci\u00f3n de datos adecuada pol\u00edticas.<\/li>\n<li>Distribuido a cualquier otra parte que no sea la acordada por el propietario de los datos (exceptuando peticiones leg\u00edtimas de las autoridades legales).<\/li>\n<\/ul>\n<p>Adem\u00e1s de las formas de manejar los datos, la empresa tiene obligaciones directas con las personas para: A qui\u00e9n pertenecen los datos. Espec\u00edficamente debemos:<\/p>\n<ul>\n<li>Que la gente sepa cu\u00e1l de sus datos se recopila.<\/li>\n<li>Informar a las personas sobre c\u00f3mo procesaremos sus datos.<\/li>\n<li>Informar a las personas sobre qui\u00e9n tiene acceso a su informaci\u00f3n.<\/li>\n<li>Disponer de disposiciones en caso de datos perdidos, corruptos o comprometidos.<\/li>\n<li>Permitir que las personas soliciten que modifiquemos, borremos, reduzcamos o corrijamos los datos contenidos en nuestras bases de datos<\/li>\n<\/ul>\n<p><strong>Acciones<\/strong><\/p>\n<p>Para ejercer la protecci\u00f3n de datos nos comprometemos a:<\/p>\n<ul>\n<li>Restringir y monitorear el acceso a datos sensibles<\/li>\n<li>Desarrollar procedimientos transparentes de recolecci\u00f3n de datos.<\/li>\n<li>Capacitar a los empleados en medidas de seguridad y privacidad en l\u00ednea.<\/li>\n<li>Cree redes seguras para proteger los datos en l\u00ednea de los cibertaques.<\/li>\n<li>Establezca procedimientos claros para reportar violaciones a la privacidad o mal uso de datos.<\/li>\n<li>Incluya cl\u00e1usulas contractuales o comunique declaraciones sobre c\u00f3mo manejamos los datos.<\/li>\n<li>Establezca pr\u00e1cticas de protecci\u00f3n de datos (destrucci\u00f3n de documentos, bloqueos seguros, cifrado de datos, copias de seguridad frecuentes, autorizaci\u00f3n de acceso, etc.)<\/li>\n<\/ul>\n<p>[\/et_pb_text][\/et_pb_column][\/et_pb_row][\/et_pb_section]<\/p>\n","protected":false},"excerpt":{"rendered":"<p>AVISO DE PRIVACIDAD\u00a0 Esta pol\u00edtica de privacidad est\u00e1 actualizada al d\u00eda 24 de septiembre del 2021. Prop\u00f3sito y resumen Nuestra pol\u00edtica de protecci\u00f3n de datos de la compa\u00f1\u00eda se refiere a nuestro compromiso de manejar la informaci\u00f3n de los empleados, clientes, todas las partes interesadas con el mayor cuidado y confidencialidad. Con esta pol\u00edtica, nos aseguramos de recopilar, almacenar y manejar datos de forma adecuada, transparente y con el debido respeto hacia los derechos individuales. Alcance Esta pol\u00edtica se refiere a todas las partes que hacen vida con SIMBEX (empleados, clientes, proveedores, alumnos, etc.) que proporcionan cualquier informaci\u00f3n para nosotros. \u00bfQui\u00e9n est\u00e1 cubierto bajo nuestra Pol\u00edtica de Protecci\u00f3n de Datos? Los empleados de nuestra empresa y sucursales deben seguir esta pol\u00edtica. Contratistas, consultores, socios y cualquier otra entidad externa tambi\u00e9n est\u00e1n cubiertos. En general, nuestra pol\u00edtica se refiere a cualquier persona que colabore o act\u00fae en nuestro nombre y que necesite un acceso ocasional a los datos. Elementos de la pol\u00edtica Como parte de nuestras operaciones, necesitamos obtener y procesar informaci\u00f3n. Esta informaci\u00f3n incluye cualquier dato offline\/online que hacen que una persona sea identificable tales como nombres, direcciones, nombres de usuario y Contrase\u00f1as, huellas digitales, fotograf\u00edas, n\u00fameros de seguridad social, [&hellip;]<\/p>\n","protected":false},"author":2,"featured_media":0,"parent":0,"menu_order":0,"comment_status":"closed","ping_status":"closed","template":"","meta":{"_et_pb_use_builder":"on","_et_pb_old_content":"<!-- wp:divi\/placeholder \/-->","_et_gb_content_width":"","_joinchat":[],"footnotes":""},"class_list":["post-30","page","type-page","status-publish","hentry"],"yoast_head":"<!-- This site is optimized with the Yoast SEO plugin v27.6 - https:\/\/yoast.com\/product\/yoast-seo-wordpress\/ -->\n<title>Aviso de Privacidad - sim-bex.org<\/title>\n<meta name=\"robots\" content=\"index, follow, max-snippet:-1, max-image-preview:large, max-video-preview:-1\" \/>\n<link rel=\"canonical\" href=\"https:\/\/www.sim-bex.org\/en\/aviso-de-privacidad\/\" \/>\n<meta property=\"og:locale\" content=\"en_US\" \/>\n<meta property=\"og:type\" content=\"article\" \/>\n<meta property=\"og:title\" content=\"Aviso de Privacidad - sim-bex.org\" \/>\n<meta property=\"og:description\" content=\"AVISO DE PRIVACIDAD\u00a0 Esta pol\u00edtica de privacidad est\u00e1 actualizada al d\u00eda 24 de septiembre del 2021. Prop\u00f3sito y resumen Nuestra pol\u00edtica de protecci\u00f3n de datos de la compa\u00f1\u00eda se refiere a nuestro compromiso de manejar la informaci\u00f3n de los empleados, clientes, todas las partes interesadas con el mayor cuidado y confidencialidad. Con esta pol\u00edtica, nos aseguramos de recopilar, almacenar y manejar datos de forma adecuada, transparente y con el debido respeto hacia los derechos individuales. Alcance Esta pol\u00edtica se refiere a todas las partes que hacen vida con SIMBEX (empleados, clientes, proveedores, alumnos, etc.) que proporcionan cualquier informaci\u00f3n para nosotros. \u00bfQui\u00e9n est\u00e1 cubierto bajo nuestra Pol\u00edtica de Protecci\u00f3n de Datos? Los empleados de nuestra empresa y sucursales deben seguir esta pol\u00edtica. Contratistas, consultores, socios y cualquier otra entidad externa tambi\u00e9n est\u00e1n cubiertos. En general, nuestra pol\u00edtica se refiere a cualquier persona que colabore o act\u00fae en nuestro nombre y que necesite un acceso ocasional a los datos. Elementos de la pol\u00edtica Como parte de nuestras operaciones, necesitamos obtener y procesar informaci\u00f3n. Esta informaci\u00f3n incluye cualquier dato offline\/online que hacen que una persona sea identificable tales como nombres, direcciones, nombres de usuario y Contrase\u00f1as, huellas digitales, fotograf\u00edas, n\u00fameros de seguridad social, [&hellip;]\" \/>\n<meta property=\"og:url\" content=\"https:\/\/www.sim-bex.org\/en\/aviso-de-privacidad\/\" \/>\n<meta property=\"og:site_name\" content=\"sim-bex.org\" \/>\n<meta property=\"article:modified_time\" content=\"2022-02-17T21:15:04+00:00\" \/>\n<meta name=\"twitter:card\" content=\"summary_large_image\" \/>\n<meta name=\"twitter:label1\" content=\"Est. reading time\" \/>\n\t<meta name=\"twitter:data1\" content=\"3 minutes\" \/>\n<script type=\"application\/ld+json\" class=\"yoast-schema-graph\">{\"@context\":\"https:\\\/\\\/schema.org\",\"@graph\":[{\"@type\":\"WebPage\",\"@id\":\"https:\\\/\\\/www.sim-bex.org\\\/aviso-de-privacidad\\\/\",\"url\":\"https:\\\/\\\/www.sim-bex.org\\\/aviso-de-privacidad\\\/\",\"name\":\"Aviso de Privacidad - sim-bex.org\",\"isPartOf\":{\"@id\":\"https:\\\/\\\/www.sim-bex.org\\\/#website\"},\"datePublished\":\"2022-01-21T22:49:16+00:00\",\"dateModified\":\"2022-02-17T21:15:04+00:00\",\"breadcrumb\":{\"@id\":\"https:\\\/\\\/www.sim-bex.org\\\/aviso-de-privacidad\\\/#breadcrumb\"},\"inLanguage\":\"en-US\",\"potentialAction\":[{\"@type\":\"ReadAction\",\"target\":[\"https:\\\/\\\/www.sim-bex.org\\\/aviso-de-privacidad\\\/\"]}]},{\"@type\":\"BreadcrumbList\",\"@id\":\"https:\\\/\\\/www.sim-bex.org\\\/aviso-de-privacidad\\\/#breadcrumb\",\"itemListElement\":[{\"@type\":\"ListItem\",\"position\":1,\"name\":\"Portada\",\"item\":\"https:\\\/\\\/www.sim-bex.org\\\/\"},{\"@type\":\"ListItem\",\"position\":2,\"name\":\"Aviso de Privacidad\"}]},{\"@type\":\"WebSite\",\"@id\":\"https:\\\/\\\/www.sim-bex.org\\\/#website\",\"url\":\"https:\\\/\\\/www.sim-bex.org\\\/\",\"name\":\"sim-bex.org\",\"description\":\"Innovaci\u00f3n tecnologica basa en exomas\",\"potentialAction\":[{\"@type\":\"SearchAction\",\"target\":{\"@type\":\"EntryPoint\",\"urlTemplate\":\"https:\\\/\\\/www.sim-bex.org\\\/?s={search_term_string}\"},\"query-input\":{\"@type\":\"PropertyValueSpecification\",\"valueRequired\":true,\"valueName\":\"search_term_string\"}}],\"inLanguage\":\"en-US\"}]}<\/script>\n<!-- \/ Yoast SEO plugin. -->","yoast_head_json":{"title":"Aviso de Privacidad - sim-bex.org","robots":{"index":"index","follow":"follow","max-snippet":"max-snippet:-1","max-image-preview":"max-image-preview:large","max-video-preview":"max-video-preview:-1"},"canonical":"https:\/\/www.sim-bex.org\/en\/aviso-de-privacidad\/","og_locale":"en_US","og_type":"article","og_title":"Aviso de Privacidad - sim-bex.org","og_description":"AVISO DE PRIVACIDAD\u00a0 Esta pol\u00edtica de privacidad est\u00e1 actualizada al d\u00eda 24 de septiembre del 2021. Prop\u00f3sito y resumen Nuestra pol\u00edtica de protecci\u00f3n de datos de la compa\u00f1\u00eda se refiere a nuestro compromiso de manejar la informaci\u00f3n de los empleados, clientes, todas las partes interesadas con el mayor cuidado y confidencialidad. Con esta pol\u00edtica, nos aseguramos de recopilar, almacenar y manejar datos de forma adecuada, transparente y con el debido respeto hacia los derechos individuales. Alcance Esta pol\u00edtica se refiere a todas las partes que hacen vida con SIMBEX (empleados, clientes, proveedores, alumnos, etc.) que proporcionan cualquier informaci\u00f3n para nosotros. \u00bfQui\u00e9n est\u00e1 cubierto bajo nuestra Pol\u00edtica de Protecci\u00f3n de Datos? Los empleados de nuestra empresa y sucursales deben seguir esta pol\u00edtica. Contratistas, consultores, socios y cualquier otra entidad externa tambi\u00e9n est\u00e1n cubiertos. En general, nuestra pol\u00edtica se refiere a cualquier persona que colabore o act\u00fae en nuestro nombre y que necesite un acceso ocasional a los datos. Elementos de la pol\u00edtica Como parte de nuestras operaciones, necesitamos obtener y procesar informaci\u00f3n. Esta informaci\u00f3n incluye cualquier dato offline\/online que hacen que una persona sea identificable tales como nombres, direcciones, nombres de usuario y Contrase\u00f1as, huellas digitales, fotograf\u00edas, n\u00fameros de seguridad social, [&hellip;]","og_url":"https:\/\/www.sim-bex.org\/en\/aviso-de-privacidad\/","og_site_name":"sim-bex.org","article_modified_time":"2022-02-17T21:15:04+00:00","twitter_card":"summary_large_image","twitter_misc":{"Est. reading time":"3 minutes"},"schema":{"@context":"https:\/\/schema.org","@graph":[{"@type":"WebPage","@id":"https:\/\/www.sim-bex.org\/aviso-de-privacidad\/","url":"https:\/\/www.sim-bex.org\/aviso-de-privacidad\/","name":"Aviso de Privacidad - sim-bex.org","isPartOf":{"@id":"https:\/\/www.sim-bex.org\/#website"},"datePublished":"2022-01-21T22:49:16+00:00","dateModified":"2022-02-17T21:15:04+00:00","breadcrumb":{"@id":"https:\/\/www.sim-bex.org\/aviso-de-privacidad\/#breadcrumb"},"inLanguage":"en-US","potentialAction":[{"@type":"ReadAction","target":["https:\/\/www.sim-bex.org\/aviso-de-privacidad\/"]}]},{"@type":"BreadcrumbList","@id":"https:\/\/www.sim-bex.org\/aviso-de-privacidad\/#breadcrumb","itemListElement":[{"@type":"ListItem","position":1,"name":"Portada","item":"https:\/\/www.sim-bex.org\/"},{"@type":"ListItem","position":2,"name":"Aviso de Privacidad"}]},{"@type":"WebSite","@id":"https:\/\/www.sim-bex.org\/#website","url":"https:\/\/www.sim-bex.org\/","name":"sim-bex.org","description":"Innovaci\u00f3n tecnologica basa en exomas","potentialAction":[{"@type":"SearchAction","target":{"@type":"EntryPoint","urlTemplate":"https:\/\/www.sim-bex.org\/?s={search_term_string}"},"query-input":{"@type":"PropertyValueSpecification","valueRequired":true,"valueName":"search_term_string"}}],"inLanguage":"en-US"}]}},"_links":{"self":[{"href":"https:\/\/www.sim-bex.org\/en\/wp-json\/wp\/v2\/pages\/30","targetHints":{"allow":["GET"]}}],"collection":[{"href":"https:\/\/www.sim-bex.org\/en\/wp-json\/wp\/v2\/pages"}],"about":[{"href":"https:\/\/www.sim-bex.org\/en\/wp-json\/wp\/v2\/types\/page"}],"author":[{"embeddable":true,"href":"https:\/\/www.sim-bex.org\/en\/wp-json\/wp\/v2\/users\/2"}],"replies":[{"embeddable":true,"href":"https:\/\/www.sim-bex.org\/en\/wp-json\/wp\/v2\/comments?post=30"}],"version-history":[{"count":0,"href":"https:\/\/www.sim-bex.org\/en\/wp-json\/wp\/v2\/pages\/30\/revisions"}],"wp:attachment":[{"href":"https:\/\/www.sim-bex.org\/en\/wp-json\/wp\/v2\/media?parent=30"}],"curies":[{"name":"wp","href":"https:\/\/api.w.org\/{rel}","templated":true}]}}