{"id":520,"date":"2026-01-10T17:04:25","date_gmt":"2026-01-10T17:04:25","guid":{"rendered":"https:\/\/www.sim-bex.org\/?page_id=520"},"modified":"2026-01-10T17:17:38","modified_gmt":"2026-01-10T17:17:38","slug":"galeria-de-videos","status":"publish","type":"page","link":"https:\/\/www.sim-bex.org\/en\/galeria-de-videos\/","title":{"rendered":"Galer\u00eda de Videos"},"content":{"rendered":"<p>[et_pb_section fb_built=&#8221;1&#8243; _builder_version=&#8221;4.27.5&#8243; _module_preset=&#8221;default&#8221; hover_enabled=&#8221;0&#8243; da_disable_devices=&#8221;off|off|off&#8221; global_colors_info=&#8221;{}&#8221; title_text=&#8221;Iconos Mini 1&#8243; background_image=&#8221;https:\/\/www.sim-bex.org\/wp-content\/uploads\/2022\/02\/Iconos-Mini-1.png&#8221; background_size=&#8221;contain&#8221; background_repeat=&#8221;repeat&#8221; sticky_enabled=&#8221;0&#8243; background_last_edited=&#8221;on|phone&#8221; background_repeat_tablet=&#8221;no-repeat&#8221; background_position_tablet=&#8221;bottom_center&#8221; background_size_phone=&#8221;contain&#8221; da_is_popup=&#8221;off&#8221; da_exit_intent=&#8221;off&#8221; da_has_close=&#8221;on&#8221; da_alt_close=&#8221;off&#8221; da_dark_close=&#8221;off&#8221; da_not_modal=&#8221;on&#8221; da_is_singular=&#8221;off&#8221; da_with_loader=&#8221;off&#8221; da_has_shadow=&#8221;on&#8221;][et_pb_row column_structure=&#8221;1_3,1_3,1_3&#8243; _builder_version=&#8221;4.27.5&#8243; _module_preset=&#8221;default&#8221; max_width=&#8221;100%&#8221; global_colors_info=&#8221;{}&#8221;][et_pb_column type=&#8221;1_3&#8243; _builder_version=&#8221;4.27.5&#8243; _module_preset=&#8221;default&#8221; global_colors_info=&#8221;{}&#8221;][et_pb_video src=&#8221;https:\/\/www.youtube.com\/watch?v=jZn9qIIDcas&#8221; _builder_version=&#8221;4.27.5&#8243; _module_preset=&#8221;default&#8221; module_alignment=&#8221;center&#8221; border_radii=&#8221;on|10px|10px|10px|10px&#8221; border_width_all=&#8221;5px&#8221; border_color_all=&#8221;gcid-ee361b7d-1b87-4c43-918d-66996a2afede&#8221; global_colors_info=&#8221;{%22gcid-ee361b7d-1b87-4c43-918d-66996a2afede%22:%91%22border_color_all%22%93}&#8221;][\/et_pb_video][et_pb_text _builder_version=&#8221;4.27.5&#8243; _module_preset=&#8221;default&#8221; header_3_text_align=&#8221;center&#8221; global_colors_info=&#8221;{%22gcid-ee361b7d-1b87-4c43-918d-66996a2afede%22:%91%22header_3_text_color%22%93}&#8221; header_3_text_color=&#8221;gcid-ee361b7d-1b87-4c43-918d-66996a2afede&#8221; header_3_font=&#8221;|600|||||||&#8221; hover_enabled=&#8221;0&#8243; sticky_enabled=&#8221;0&#8243;]<\/p>\n<h3>Mesa Directiva SIMBEX<\/h3>\n<p>[\/et_pb_text][\/et_pb_column][et_pb_column type=&#8221;1_3&#8243; _builder_version=&#8221;4.27.5&#8243; _module_preset=&#8221;default&#8221; global_colors_info=&#8221;{}&#8221;][et_pb_video src=&#8221;https:\/\/www.youtube.com\/watch?v=zf8xN3qWY1I&#8221; _builder_version=&#8221;4.27.5&#8243; _module_preset=&#8221;default&#8221; module_alignment=&#8221;center&#8221; hover_enabled=&#8221;0&#8243; border_radii=&#8221;on|10px|10px|10px|10px&#8221; border_width_all=&#8221;5px&#8221; border_color_all=&#8221;gcid-ee361b7d-1b87-4c43-918d-66996a2afede&#8221; global_colors_info=&#8221;{%22gcid-ee361b7d-1b87-4c43-918d-66996a2afede%22:%91%22border_color_all%22%93}&#8221; sticky_enabled=&#8221;0&#8243;][\/et_pb_video][et_pb_text _builder_version=&#8221;4.27.5&#8243; _module_preset=&#8221;default&#8221; header_3_text_align=&#8221;center&#8221; global_colors_info=&#8221;{%22gcid-ee361b7d-1b87-4c43-918d-66996a2afede%22:%91%22header_3_text_color%22%93}&#8221; header_3_text_color=&#8221;gcid-ee361b7d-1b87-4c43-918d-66996a2afede&#8221; header_3_font=&#8221;|600|||||||&#8221; hover_enabled=&#8221;0&#8243; sticky_enabled=&#8221;0&#8243; header_3_line_height=&#8221;1.2em&#8221;]<\/p>\n<h3>Biog\u00e9nesis de Exosomas-SIMBEX Education Program Cap 1<\/h3>\n<p>[\/et_pb_text][\/et_pb_column][et_pb_column type=&#8221;1_3&#8243; _builder_version=&#8221;4.27.5&#8243; _module_preset=&#8221;default&#8221; global_colors_info=&#8221;{}&#8221;][et_pb_video src=&#8221;https:\/\/www.youtube.com\/watch?v=M2GhECdztgw&#8221; _builder_version=&#8221;4.27.5&#8243; _module_preset=&#8221;default&#8221; module_alignment=&#8221;center&#8221; hover_enabled=&#8221;0&#8243; border_radii=&#8221;on|10px|10px|10px|10px&#8221; border_width_all=&#8221;5px&#8221; border_color_all=&#8221;gcid-ee361b7d-1b87-4c43-918d-66996a2afede&#8221; global_colors_info=&#8221;{%22gcid-ee361b7d-1b87-4c43-918d-66996a2afede%22:%91%22border_color_all%22%93}&#8221; sticky_enabled=&#8221;0&#8243;][\/et_pb_video][et_pb_text _builder_version=&#8221;4.27.5&#8243; _module_preset=&#8221;default&#8221; header_3_text_align=&#8221;center&#8221; global_colors_info=&#8221;{%22gcid-ee361b7d-1b87-4c43-918d-66996a2afede%22:%91%22header_3_text_color%22%93}&#8221; header_3_text_color=&#8221;gcid-ee361b7d-1b87-4c43-918d-66996a2afede&#8221; header_3_font=&#8221;|600|||||||&#8221; hover_enabled=&#8221;0&#8243; sticky_enabled=&#8221;0&#8243; header_3_line_height=&#8221;1.2em&#8221;]<\/p>\n<h3>Biog\u00e9nesis de Exosomas-SIMBEX Education Program Cap 2<\/h3>\n<p>[\/et_pb_text][\/et_pb_column][\/et_pb_row][\/et_pb_section]<\/p>\n","protected":false},"excerpt":{"rendered":"<p>Mesa Directiva SIMBEXBiog\u00e9nesis de Exosomas-SIMBEX Education Program Cap 1Biog\u00e9nesis de Exosomas-SIMBEX Education Program Cap 2<\/p>","protected":false},"author":2,"featured_media":0,"parent":0,"menu_order":0,"comment_status":"closed","ping_status":"closed","template":"","meta":{"_et_pb_use_builder":"on","_et_pb_old_content":"","_et_gb_content_width":"","_joinchat":[],"footnotes":""},"class_list":["post-520","page","type-page","status-publish","hentry"],"yoast_head":"<!-- This site is optimized with the Yoast SEO plugin v27.6 - https:\/\/yoast.com\/product\/yoast-seo-wordpress\/ -->\n<title>Galer\u00eda de Videos - sim-bex.org<\/title>\n<meta name=\"robots\" content=\"index, follow, max-snippet:-1, max-image-preview:large, max-video-preview:-1\" \/>\n<link rel=\"canonical\" href=\"https:\/\/www.sim-bex.org\/en\/galeria-de-videos\/\" \/>\n<meta property=\"og:locale\" content=\"en_US\" \/>\n<meta property=\"og:type\" content=\"article\" \/>\n<meta property=\"og:title\" content=\"Galer\u00eda de Videos - sim-bex.org\" \/>\n<meta property=\"og:description\" content=\"Mesa Directiva SIMBEXBiog\u00e9nesis de Exosomas-SIMBEX Education Program Cap 1Biog\u00e9nesis de Exosomas-SIMBEX Education Program Cap 2\" \/>\n<meta property=\"og:url\" content=\"https:\/\/www.sim-bex.org\/en\/galeria-de-videos\/\" \/>\n<meta property=\"og:site_name\" content=\"sim-bex.org\" \/>\n<meta property=\"article:modified_time\" content=\"2026-01-10T17:17:38+00:00\" \/>\n<meta name=\"twitter:card\" content=\"summary_large_image\" \/>\n<script type=\"application\/ld+json\" class=\"yoast-schema-graph\">{\"@context\":\"https:\\\/\\\/schema.org\",\"@graph\":[{\"@type\":\"WebPage\",\"@id\":\"https:\\\/\\\/www.sim-bex.org\\\/galeria-de-videos\\\/\",\"url\":\"https:\\\/\\\/www.sim-bex.org\\\/galeria-de-videos\\\/\",\"name\":\"Galer\u00eda de Videos - sim-bex.org\",\"isPartOf\":{\"@id\":\"https:\\\/\\\/www.sim-bex.org\\\/#website\"},\"datePublished\":\"2026-01-10T17:04:25+00:00\",\"dateModified\":\"2026-01-10T17:17:38+00:00\",\"breadcrumb\":{\"@id\":\"https:\\\/\\\/www.sim-bex.org\\\/galeria-de-videos\\\/#breadcrumb\"},\"inLanguage\":\"en-US\",\"potentialAction\":[{\"@type\":\"ReadAction\",\"target\":[\"https:\\\/\\\/www.sim-bex.org\\\/galeria-de-videos\\\/\"]}]},{\"@type\":\"BreadcrumbList\",\"@id\":\"https:\\\/\\\/www.sim-bex.org\\\/galeria-de-videos\\\/#breadcrumb\",\"itemListElement\":[{\"@type\":\"ListItem\",\"position\":1,\"name\":\"Portada\",\"item\":\"https:\\\/\\\/www.sim-bex.org\\\/\"},{\"@type\":\"ListItem\",\"position\":2,\"name\":\"Galer\u00eda de Videos\"}]},{\"@type\":\"WebSite\",\"@id\":\"https:\\\/\\\/www.sim-bex.org\\\/#website\",\"url\":\"https:\\\/\\\/www.sim-bex.org\\\/\",\"name\":\"sim-bex.org\",\"description\":\"Innovaci\u00f3n tecnologica basa en exomas\",\"potentialAction\":[{\"@type\":\"SearchAction\",\"target\":{\"@type\":\"EntryPoint\",\"urlTemplate\":\"https:\\\/\\\/www.sim-bex.org\\\/?s={search_term_string}\"},\"query-input\":{\"@type\":\"PropertyValueSpecification\",\"valueRequired\":true,\"valueName\":\"search_term_string\"}}],\"inLanguage\":\"en-US\"}]}<\/script>\n<!-- \/ Yoast SEO plugin. -->","yoast_head_json":{"title":"Galer\u00eda de Videos - sim-bex.org","robots":{"index":"index","follow":"follow","max-snippet":"max-snippet:-1","max-image-preview":"max-image-preview:large","max-video-preview":"max-video-preview:-1"},"canonical":"https:\/\/www.sim-bex.org\/en\/galeria-de-videos\/","og_locale":"en_US","og_type":"article","og_title":"Galer\u00eda de Videos - sim-bex.org","og_description":"Mesa Directiva SIMBEXBiog\u00e9nesis de Exosomas-SIMBEX Education Program Cap 1Biog\u00e9nesis de Exosomas-SIMBEX Education Program Cap 2","og_url":"https:\/\/www.sim-bex.org\/en\/galeria-de-videos\/","og_site_name":"sim-bex.org","article_modified_time":"2026-01-10T17:17:38+00:00","twitter_card":"summary_large_image","schema":{"@context":"https:\/\/schema.org","@graph":[{"@type":"WebPage","@id":"https:\/\/www.sim-bex.org\/galeria-de-videos\/","url":"https:\/\/www.sim-bex.org\/galeria-de-videos\/","name":"Galer\u00eda de Videos - sim-bex.org","isPartOf":{"@id":"https:\/\/www.sim-bex.org\/#website"},"datePublished":"2026-01-10T17:04:25+00:00","dateModified":"2026-01-10T17:17:38+00:00","breadcrumb":{"@id":"https:\/\/www.sim-bex.org\/galeria-de-videos\/#breadcrumb"},"inLanguage":"en-US","potentialAction":[{"@type":"ReadAction","target":["https:\/\/www.sim-bex.org\/galeria-de-videos\/"]}]},{"@type":"BreadcrumbList","@id":"https:\/\/www.sim-bex.org\/galeria-de-videos\/#breadcrumb","itemListElement":[{"@type":"ListItem","position":1,"name":"Portada","item":"https:\/\/www.sim-bex.org\/"},{"@type":"ListItem","position":2,"name":"Galer\u00eda de Videos"}]},{"@type":"WebSite","@id":"https:\/\/www.sim-bex.org\/#website","url":"https:\/\/www.sim-bex.org\/","name":"sim-bex.org","description":"Innovaci\u00f3n tecnologica basa en exomas","potentialAction":[{"@type":"SearchAction","target":{"@type":"EntryPoint","urlTemplate":"https:\/\/www.sim-bex.org\/?s={search_term_string}"},"query-input":{"@type":"PropertyValueSpecification","valueRequired":true,"valueName":"search_term_string"}}],"inLanguage":"en-US"}]}},"_links":{"self":[{"href":"https:\/\/www.sim-bex.org\/en\/wp-json\/wp\/v2\/pages\/520","targetHints":{"allow":["GET"]}}],"collection":[{"href":"https:\/\/www.sim-bex.org\/en\/wp-json\/wp\/v2\/pages"}],"about":[{"href":"https:\/\/www.sim-bex.org\/en\/wp-json\/wp\/v2\/types\/page"}],"author":[{"embeddable":true,"href":"https:\/\/www.sim-bex.org\/en\/wp-json\/wp\/v2\/users\/2"}],"replies":[{"embeddable":true,"href":"https:\/\/www.sim-bex.org\/en\/wp-json\/wp\/v2\/comments?post=520"}],"version-history":[{"count":0,"href":"https:\/\/www.sim-bex.org\/en\/wp-json\/wp\/v2\/pages\/520\/revisions"}],"wp:attachment":[{"href":"https:\/\/www.sim-bex.org\/en\/wp-json\/wp\/v2\/media?parent=520"}],"curies":[{"name":"wp","href":"https:\/\/api.w.org\/{rel}","templated":true}]}}